{"id":3474,"date":"2020-05-07T07:21:05","date_gmt":"2020-05-07T07:21:05","guid":{"rendered":"http:\/\/msp.diprogmbh.de\/?page_id=3474"},"modified":"2022-10-26T11:24:38","modified_gmt":"2022-10-26T11:24:38","slug":"ueber-uns","status":"publish","type":"page","link":"https:\/\/diprogmbh.de\/?page_id=3474","title":{"rendered":"\u00fcber dipro."},"content":{"rendered":"<p>[et_pb_section fb_built=&#8221;1&#8243; _builder_version=&#8221;4.4.5&#8243;][et_pb_row column_structure=&#8221;3_5,2_5&#8243; _builder_version=&#8221;4.4.5&#8243;][et_pb_column type=&#8221;3_5&#8243; _builder_version=&#8221;4.4.5&#8243;][et_pb_text _builder_version=&#8221;4.4.5&#8243;]<\/p>\n<h1>\u00dcber DIPRO<\/h1>\n<p>[\/et_pb_text][et_pb_text _builder_version=&#8221;4.4.5&#8243;]<\/p>\n<p><strong>Wir sind die inhabergef\u00fchrte Softwarefirma an der Ostseek\u00fcste Deutschlands. Die DIPRO Informationsmanagement GmbH ist auf die Entwicklung von Software f\u00fcr Call- und Kundencenter spezialisiert. Seit unserer Gr\u00fcndung 1999 haben wir unsere L\u00f6sungen in enger Zusammenarbeit mit Callcentern stetig weiter ausgebaut. Die Algorithmen in unserer Software wurden gemeinsam mit der mathematischen Fakult\u00e4t der Universit\u00e4t Greifswald entwickelt.<\/strong><\/p>\n<p>[\/et_pb_text][\/et_pb_column][et_pb_column type=&#8221;2_5&#8243; _builder_version=&#8221;4.4.5&#8243;][et_pb_image src=&#8221;https:\/\/diprogmbh.de\/wp-content\/uploads\/2020\/11\/DIPRO_Illustration_Agent_2-scaled.jpg&#8221; title_text=&#8221;DIPRO_Illustration_Agent_2&#8243; _builder_version=&#8221;4.9.0&#8243; hover_enabled=&#8221;0&#8243; sticky_enabled=&#8221;0&#8243;][\/et_pb_image][\/et_pb_column][\/et_pb_row][\/et_pb_section][et_pb_section fb_built=&#8221;1&#8243; _builder_version=&#8221;4.4.5&#8243;][et_pb_row _builder_version=&#8221;4.4.5&#8243;][et_pb_column type=&#8221;4_4&#8243; _builder_version=&#8221;4.4.5&#8243;][et_pb_text _builder_version=&#8221;4.4.5&#8243;]<\/p>\n<h2>Ihre Ansprechpartner<\/h2>\n<p>[\/et_pb_text][\/et_pb_column][\/et_pb_row][et_pb_row column_structure=&#8221;1_3,1_3,1_3&#8243; _builder_version=&#8221;4.4.5&#8243;][et_pb_column type=&#8221;1_3&#8243; _builder_version=&#8221;4.4.5&#8243;][et_pb_team_member name=&#8221;Gerhard Dobratz&#8221; position=&#8221;Gesch\u00e4ftsf\u00fchrung und Vertrieb&#8221; image_url=&#8221;https:\/\/diprogmbh.de\/wp-content\/uploads\/2020\/11\/DIPRO_Illustration_Gerhard-1-scaled.jpg&#8221; linkedin_url=&#8221;https:\/\/www.linkedin.com\/in\/gerhard-dobratz-550952105\/&#8221; _builder_version=&#8221;4.9.0&#8243; header_level=&#8221;h3&#8243; header_font=&#8221;|800|||||||&#8221; header_text_color=&#8221;#000000&#8243; header_letter_spacing=&#8221;-1px&#8221; position_font=&#8221;|800|||||||&#8221; position_text_color=&#8221;#000000&#8243; hover_enabled=&#8221;0&#8243; sticky_enabled=&#8221;0&#8243; title_text=&#8221;DIPRO_Illustration_Gerhard (1)&#8221;]<\/p>\n<p>Gerhard Dobratz verf\u00fcgt \u00fcber sehr grosse und fundierte Erfahrung in der Informatik und im Bereich Callcenter. Jahrelang leitete er auch selbst ein Callcenter als Gesch\u00e4ftsf\u00fchrer. Er hat an der Universit\u00e4t Greifswald Mathematik studiert.<\/p>\n<p>[\/et_pb_team_member][\/et_pb_column][et_pb_column type=&#8221;1_3&#8243; _builder_version=&#8221;4.4.5&#8243;][et_pb_team_member name=&#8221;Torsten  Kaiser&#8221; position=&#8221;Entwicklung&#8221; image_url=&#8221;https:\/\/diprogmbh.de\/wp-content\/uploads\/2020\/11\/DIPRO_Illustration_Torsten-scaled.jpg&#8221; _builder_version=&#8221;4.9.0&#8243; header_level=&#8221;h3&#8243; header_font=&#8221;|800|||||||&#8221; header_text_color=&#8221;#000000&#8243; header_letter_spacing=&#8221;-1px&#8221; position_font=&#8221;|800|||||||&#8221; position_text_color=&#8221;#000000&#8243; hover_enabled=&#8221;0&#8243; title_text=&#8221;DIPRO_Illustration_Torsten&#8221; sticky_enabled=&#8221;0&#8243;]<\/p>\n<p>Torsten Kaiser ist Informatiker und seit vielen Jahren Lead-Software-Entwickler in unserem Unternehmen. Er hat den Kern der Softwarel\u00f6sung DIPRO-MSP ma\u00dfgeblich mitentwickelt und ist Ansprechpartner f\u00fcr technische Fragestellungen.<\/p>\n<p>[\/et_pb_team_member][\/et_pb_column][et_pb_column type=&#8221;1_3&#8243; _builder_version=&#8221;4.4.5&#8243;][et_pb_team_member name=&#8221;Gunter Dobratz&#8221; position=&#8221;Marketing&#8221; image_url=&#8221;https:\/\/diprogmbh.de\/wp-content\/uploads\/2020\/11\/DIPRO_Illustration_Gunter-scaled.jpg&#8221; linkedin_url=&#8221;https:\/\/www.linkedin.com\/in\/gunterdobratz\/&#8221; _builder_version=&#8221;4.9.0&#8243; header_level=&#8221;h3&#8243; header_font=&#8221;|800|||||||&#8221; header_text_color=&#8221;#000000&#8243; header_letter_spacing=&#8221;-1px&#8221; position_font=&#8221;|800|||||||&#8221; position_text_color=&#8221;#000000&#8243; hover_enabled=&#8221;0&#8243; title_text=&#8221;DIPRO_Illustration_Gunter&#8221; sticky_enabled=&#8221;0&#8243;]<\/p>\n<p>Gunter Dobratz hat jahrelange Erfahrung als Produktmanager f\u00fcr Software- und Cloudl\u00f6sungen. Zudem ist er im Bereich Gesch\u00e4ftsentwicklung t\u00e4tig. Er verf\u00fcgt \u00fcber einen Masterabschluss in betrieblicher Umweltinformatik.<\/p>\n<p>[\/et_pb_team_member][\/et_pb_column][\/et_pb_row][\/et_pb_section][et_pb_section fb_built=&#8221;1&#8243; _builder_version=&#8221;4.4.5&#8243;][et_pb_row _builder_version=&#8221;4.4.5&#8243;][et_pb_column type=&#8221;4_4&#8243; _builder_version=&#8221;4.4.5&#8243;][et_pb_text _builder_version=&#8221;4.4.5&#8243;]<\/p>\n<h2>Unsere Partner<\/h2>\n<p>[\/et_pb_text][\/et_pb_column][\/et_pb_row][et_pb_row column_structure=&#8221;3_5,2_5&#8243; _builder_version=&#8221;4.4.5&#8243;][et_pb_column type=&#8221;3_5&#8243; _builder_version=&#8221;4.4.5&#8243;][et_pb_text _builder_version=&#8221;4.4.5&#8243;]<\/p>\n<p>Wir sind in Praxis und Forschung sehr gut vernetzt und k\u00f6nnen auf unsere starken Partner z\u00e4hlen.<\/p>\n<p>[\/et_pb_text][\/et_pb_column][et_pb_column type=&#8221;2_5&#8243; _builder_version=&#8221;4.4.5&#8243;][\/et_pb_column][\/et_pb_row][et_pb_row _builder_version=&#8221;4.4.5&#8243;][et_pb_column type=&#8221;4_4&#8243; _builder_version=&#8221;4.4.5&#8243;][et_pb_text _builder_version=&#8221;4.4.5&#8243; custom_margin=&#8221;||10px||false|false&#8221; custom_padding=&#8221;10px||||false|false&#8221; border_color_all=&#8221;#d1d3d4&#8243; border_width_top=&#8221;1px&#8221; border_color_top=&#8221;#c1c1c1&#8243; border_style_top=&#8221;dashed&#8221;]<\/p>\n<p><a href=\"https:\/\/callways.de\/\" target=\"_blank\" rel=\"noopener noreferrer\" title=\"Callways Callcenter GmbH\u00a0- Professionalit\u00e4t im\u00a0Kundenservice\">Callways Callcenter GmbH\u00a0&#8211; Professionalit\u00e4t im\u00a0Kundenservice<\/a><\/p>\n<p>[\/et_pb_text][et_pb_text _builder_version=&#8221;4.4.5&#8243; custom_margin=&#8221;||10px||false|false&#8221; custom_padding=&#8221;10px||||false|false&#8221; border_color_all=&#8221;#d1d3d4&#8243; border_width_top=&#8221;1px&#8221; border_color_top=&#8221;#c1c1c1&#8243; border_style_top=&#8221;dashed&#8221;]<\/p>\n<p><a href=\"https:\/\/math-inf.uni-greifswald.de\" target=\"_blank\" rel=\"noopener noreferrer\" title=\"Universit\u00e4t Greifswald\u00a0- Institut f\u00fcr Mathematik und Informatik\">Universit\u00e4t Greifswald\u00a0&#8211; Institut f\u00fcr Mathematik und Informatik<\/a><\/p>\n<p>[\/et_pb_text][et_pb_text _builder_version=&#8221;4.4.5&#8243; custom_margin=&#8221;||10px||false|false&#8221; custom_padding=&#8221;10px||||false|false&#8221; border_color_all=&#8221;#d1d3d4&#8243; border_style_all=&#8221;dashed&#8221; border_width_top=&#8221;1px&#8221;]<\/p>\n<p><a href=\"https:\/\/wbe.ch\/\">W<\/a><a href=\"https:\/\/wbe.ch\/\" target=\"_blank\" rel=\"noopener noreferrer\" title=\"Be\u00a0-\u00a0Contact Center Software CCS\">Be\u00a0&#8211;\u00a0<span>Contact Center Software CCS<\/span><\/a><\/p>\n<p>[\/et_pb_text][et_pb_text _builder_version=&#8221;4.4.5&#8243; custom_margin=&#8221;||10px||false|false&#8221; custom_padding=&#8221;10px||||false|false&#8221; border_color_all=&#8221;#d1d3d4&#8243; border_width_top=&#8221;1px&#8221; border_color_top=&#8221;#d6d6d6&#8243; border_style_top=&#8221;dashed&#8221; border_style_bottom=&#8221;dashed&#8221;]<\/p>\n<p><a href=\"https:\/\/www.hey-ruby.com\" target=\"_blank\" rel=\"noopener noreferrer\" title=\"ruby.\u00a0- branding, communications, design\">ruby.\u00a0&#8211; branding, communications, design<\/a><\/p>\n<p>[\/et_pb_text][et_pb_divider color=&#8221;#d1d3d4&#8243; divider_style=&#8221;dashed&#8221; _builder_version=&#8221;4.4.5&#8243;][\/et_pb_divider][\/et_pb_column][\/et_pb_row][\/et_pb_section]<\/p>\n","protected":false},"excerpt":{"rendered":"<p>\u00dcber DIPROWir sind die inhabergef\u00fchrte Softwarefirma an der Ostseek\u00fcste Deutschlands. Die DIPRO Informationsmanagement GmbH ist auf die Entwicklung von Software f\u00fcr Call- und Kundencenter spezialisiert. Seit unserer Gr\u00fcndung 1999 haben wir unsere L\u00f6sungen in enger Zusammenarbeit mit Callcentern stetig weiter ausgebaut. Die Algorithmen in unserer Software wurden gemeinsam mit der mathematischen Fakult\u00e4t der Universit\u00e4t Greifswald [&hellip;]<\/p>\n","protected":false},"author":2,"featured_media":0,"parent":0,"menu_order":0,"comment_status":"closed","ping_status":"closed","template":"","meta":{"_et_pb_use_builder":"on","_et_pb_old_content":"","_et_gb_content_width":""},"_links":{"self":[{"href":"https:\/\/diprogmbh.de\/index.php?rest_route=\/wp\/v2\/pages\/3474"}],"collection":[{"href":"https:\/\/diprogmbh.de\/index.php?rest_route=\/wp\/v2\/pages"}],"about":[{"href":"https:\/\/diprogmbh.de\/index.php?rest_route=\/wp\/v2\/types\/page"}],"author":[{"embeddable":true,"href":"https:\/\/diprogmbh.de\/index.php?rest_route=\/wp\/v2\/users\/2"}],"replies":[{"embeddable":true,"href":"https:\/\/diprogmbh.de\/index.php?rest_route=%2Fwp%2Fv2%2Fcomments&post=3474"}],"version-history":[{"count":43,"href":"https:\/\/diprogmbh.de\/index.php?rest_route=\/wp\/v2\/pages\/3474\/revisions"}],"predecessor-version":[{"id":3936,"href":"https:\/\/diprogmbh.de\/index.php?rest_route=\/wp\/v2\/pages\/3474\/revisions\/3936"}],"wp:attachment":[{"href":"https:\/\/diprogmbh.de\/index.php?rest_route=%2Fwp%2Fv2%2Fmedia&parent=3474"}],"curies":[{"name":"wp","href":"https:\/\/api.w.org\/{rel}","templated":true}]}}